{"id":35443,"date":"2023-10-12T17:07:31","date_gmt":"2023-10-12T21:07:31","guid":{"rendered":"https:\/\/freggietales.ca\/ressources-pour-les-parents\/"},"modified":"2023-10-31T10:29:59","modified_gmt":"2023-10-31T14:29:59","slug":"ressources-pour-les-parents","status":"publish","type":"page","link":"https:\/\/freggietales.ca\/fr\/ressources-pour-les-parents\/","title":{"rendered":"Ressources pour les parents"},"content":{"rendered":"\n<div class=\"wp-block-media-text is-stacked-on-mobile\"><figure class=\"wp-block-media-text__media\"><img loading=\"lazy\" decoding=\"async\" width=\"1000\" height=\"667\" src=\"https:\/\/freggietales.ca\/wp-content\/uploads\/2023\/08\/2244_CPMA_MONTREAL_2019-Web-scaled-1.jpg\" alt=\"Freggie s\u2019adressant \u00e0 un groupe d\u2019enfants.\" class=\"wp-image-35356 size-full\" srcset=\"https:\/\/freggietales.ca\/wp-content\/uploads\/2023\/08\/2244_CPMA_MONTREAL_2019-Web-scaled-1.jpg 1000w, https:\/\/freggietales.ca\/wp-content\/uploads\/2023\/08\/2244_CPMA_MONTREAL_2019-Web-scaled-1-300x200.jpg 300w\" sizes=\"auto, (max-width: 1000px) 100vw, 1000px\" \/><\/figure><div class=\"wp-block-media-text__content\">\n<div class=\"wp-block-group alignfull\"><div class=\"wp-block-group__inner-container is-layout-constrained wp-block-group-is-layout-constrained\">\n<h2 class=\"wp-block-heading\">Du plaisir pour les enfants&nbsp;:<\/h2>\n\n\n\n<p>Les enfants! Profitez de ces activit\u00e9s amusantes en songeant \u00e0 vos fruits et l\u00e9gumes pr\u00e9f\u00e9r\u00e9s.<\/p>\n\n\n\n<ul class=\"wp-block-list\">\n<li><a href=\"https:\/\/halfyourplate.net\/freggieillustrate\" target=\"_blank\" rel=\"noreferrer noopener nofollow\">Pages \u00e0 colorier<\/a><\/li>\n\n\n\n<li><a href=\"https:\/\/halfyourplate.net\/vdaycard\" target=\"_blank\" rel=\"noreferrer noopener nofollow\">Cartes de la St-Valentin<\/a><\/li>\n<\/ul>\n<\/div><\/div>\n<\/div><\/div>\n\n\n\n<div class=\"wp-block-media-text has-media-on-the-right is-stacked-on-mobile\"><div class=\"wp-block-media-text__content\">\n<div class=\"wp-block-group\"><div class=\"wp-block-group__inner-container is-layout-constrained wp-block-group-is-layout-constrained\">\n<h2 class=\"wp-block-heading\">Astuces pour les parents<\/h2>\n\n\n\n<p>Chers parents, nous savons que vous recherchez des conseils \u00e0 utiliser aupr\u00e8s de votre enfant pour une alimentation \u00e9quilibr\u00e9e. C\u2019est ici que \u00e7a se passe! D\u00e9couvrez les ressources suivantes et #visezlamoiti\u00e9 en tant que famille.<\/p>\n\n\n\n<ul class=\"wp-block-list\">\n<li><a href=\"https:\/\/www.halfyourplate.ca\/get-inspired\/\" target=\"_blank\" rel=\"noreferrer noopener nofollow\">Blogues<\/a><\/li>\n\n\n\n<li><a href=\"https:\/\/www.halfyourplate.ca\/recipes\/#999+course:just-for-kids\" target=\"_blank\" rel=\"noreferrer noopener nofollow\">Recettes<\/a><\/li>\n\n\n\n<li><a href=\"https:\/\/www.halfyourplate.ca\/fruits-and-veggies\/resources\/\" target=\"_blank\" rel=\"noreferrer noopener nofollow\">Infographies<\/a><\/li>\n<\/ul>\n<\/div><\/div>\n<\/div><figure class=\"wp-block-media-text__media\"><img loading=\"lazy\" decoding=\"async\" width=\"1000\" height=\"667\" src=\"https:\/\/freggietales.ca\/wp-content\/uploads\/2023\/08\/26978801563_ff751cd1f8_o-scaled-1.jpg\" alt=\"Freggie saluant la cam\u00e9ra.\" class=\"wp-image-35354 size-full\" srcset=\"https:\/\/freggietales.ca\/wp-content\/uploads\/2023\/08\/26978801563_ff751cd1f8_o-scaled-1.jpg 1000w, https:\/\/freggietales.ca\/wp-content\/uploads\/2023\/08\/26978801563_ff751cd1f8_o-scaled-1-300x200.jpg 300w\" sizes=\"auto, (max-width: 1000px) 100vw, 1000px\" \/><\/figure><\/div>\n","protected":false},"excerpt":{"rendered":"","protected":false},"author":1,"featured_media":35295,"parent":0,"menu_order":0,"comment_status":"closed","ping_status":"closed","template":"","meta":{"inline_featured_image":false,"footnotes":""},"class_list":["post-35443","page","type-page","status-publish","has-post-thumbnail","hentry"],"acf":[],"_links":{"self":[{"href":"https:\/\/freggietales.ca\/fr\/wp-json\/wp\/v2\/pages\/35443","targetHints":{"allow":["GET"]}}],"collection":[{"href":"https:\/\/freggietales.ca\/fr\/wp-json\/wp\/v2\/pages"}],"about":[{"href":"https:\/\/freggietales.ca\/fr\/wp-json\/wp\/v2\/types\/page"}],"author":[{"embeddable":true,"href":"https:\/\/freggietales.ca\/fr\/wp-json\/wp\/v2\/users\/1"}],"replies":[{"embeddable":true,"href":"https:\/\/freggietales.ca\/fr\/wp-json\/wp\/v2\/comments?post=35443"}],"version-history":[{"count":3,"href":"https:\/\/freggietales.ca\/fr\/wp-json\/wp\/v2\/pages\/35443\/revisions"}],"predecessor-version":[{"id":35528,"href":"https:\/\/freggietales.ca\/fr\/wp-json\/wp\/v2\/pages\/35443\/revisions\/35528"}],"wp:featuredmedia":[{"embeddable":true,"href":"https:\/\/freggietales.ca\/fr\/wp-json\/wp\/v2\/media\/35295"}],"wp:attachment":[{"href":"https:\/\/freggietales.ca\/fr\/wp-json\/wp\/v2\/media?parent=35443"}],"curies":[{"name":"wp","href":"https:\/\/api.w.org\/{rel}","templated":true}]}}