{"id":35465,"date":"2023-10-31T10:05:15","date_gmt":"2023-10-31T14:05:15","guid":{"rendered":"https:\/\/freggietales.ca\/?page_id=35465"},"modified":"2023-11-07T11:56:18","modified_gmt":"2023-11-07T16:56:18","slug":"accueil","status":"publish","type":"page","link":"https:\/\/freggietales.ca\/fr\/","title":{"rendered":"Accueil"},"content":{"rendered":"\n<div class=\"wp-block-group alignfull\"><div class=\"wp-block-group__inner-container is-layout-flow wp-block-group-is-layout-flow\">\n<h2 class=\"wp-block-heading has-text-align-center\">Ressources<\/h2>\n\n\n\r\n\r\n\t<div id=\"produce-grid-block_24013f486c33f029c53ffc7ee7cd3ddb\" class=\"card-grid card-grid--produce\">\r\n\r\n\t\t\r\n\t\t\t<a class=\"card card--produce\" href=\"https:\/\/freggietales.ca\/fr\/resources\/teaching-nutrition\/\"><div class=\"card-image-wrap\"><div class=\"card-image\"><img loading=\"lazy\" decoding=\"async\" width=\"704\" height=\"528\" src=\"https:\/\/freggietales.ca\/wp-content\/uploads\/2018\/07\/IMG_0189-1b.jpg\" class=\"attachment-large size-large\" alt=\"\" srcset=\"https:\/\/freggietales.ca\/wp-content\/uploads\/2018\/07\/IMG_0189-1b.jpg 704w, https:\/\/freggietales.ca\/wp-content\/uploads\/2018\/07\/IMG_0189-1b-300x225.jpg 300w\" sizes=\"auto, (max-width: 704px) 100vw, 704px\" \/><\/div><\/div><div class=\"card-content\"><div class=\"title\">Teaching Nutrition<\/div><div class=\"excerpt\">It can be simple, find out how.<\/div><\/div><\/a>\r\n\t\t\r\n\t\t\t<a class=\"card card--produce\" href=\"https:\/\/freggietales.ca\/fr\/resources\/formulaire-pour-nous-joindre\/\"><div class=\"card-image-wrap\"><div class=\"card-image\"><img loading=\"lazy\" decoding=\"async\" width=\"1024\" height=\"683\" src=\"https:\/\/freggietales.ca\/wp-content\/uploads\/2019\/09\/freggie-2b-1024x683.jpg\" class=\"attachment-large size-large\" alt=\"\" srcset=\"https:\/\/freggietales.ca\/wp-content\/uploads\/2019\/09\/freggie-2b-1024x683.jpg 1024w, https:\/\/freggietales.ca\/wp-content\/uploads\/2019\/09\/freggie-2b-300x200.jpg 300w, https:\/\/freggietales.ca\/wp-content\/uploads\/2019\/09\/freggie-2b.jpg 1840w\" sizes=\"auto, (max-width: 1024px) 100vw, 1024px\" \/><\/div><\/div><div class=\"card-content\"><div class=\"title\">Formulaire pour nous joindre<\/div><div class=\"excerpt\">Connect with Freggie.<\/div><\/div><\/a>\r\n\t\t\r\n\t\t\t<a class=\"card card--produce\" href=\"https:\/\/freggietales.ca\/fr\/resources\/mures\/\"><div class=\"card-image-wrap\"><div class=\"card-image\"><img loading=\"lazy\" decoding=\"async\" width=\"800\" height=\"535\" src=\"https:\/\/freggietales.ca\/wp-content\/uploads\/2019\/03\/FruitRainbowSnack-2.jpg\" class=\"attachment-large size-large\" alt=\"\" srcset=\"https:\/\/freggietales.ca\/wp-content\/uploads\/2019\/03\/FruitRainbowSnack-2.jpg 800w, https:\/\/freggietales.ca\/wp-content\/uploads\/2019\/03\/FruitRainbowSnack-2-300x201.jpg 300w\" sizes=\"auto, (max-width: 800px) 100vw, 800px\" \/><\/div><\/div><div class=\"card-content\"><div class=\"title\">M\u00fbres<\/div><div class=\"excerpt\">Encourage food curiosity!<\/div><\/div><\/a>\r\n\t\t\r\n\t\t\t<a class=\"card card--produce\" href=\"https:\/\/freggietales.ca\/fr\/resources\/ressources\/\"><div class=\"card-image-wrap\"><div class=\"card-image\"><img loading=\"lazy\" decoding=\"async\" width=\"1024\" height=\"680\" src=\"https:\/\/freggietales.ca\/wp-content\/uploads\/2022\/09\/Flash-Mob-05-1b.jpg\" class=\"attachment-large size-large\" alt=\"\" srcset=\"https:\/\/freggietales.ca\/wp-content\/uploads\/2022\/09\/Flash-Mob-05-1b.jpg 1024w, https:\/\/freggietales.ca\/wp-content\/uploads\/2022\/09\/Flash-Mob-05-1b-300x199.jpg 300w\" sizes=\"auto, (max-width: 1024px) 100vw, 1024px\" \/><\/div><\/div><div class=\"card-content\"><div class=\"title\">Ressources<\/div><div class=\"excerpt\">For Kids, Teachers, and Parents.<\/div><\/div><\/a>\r\n\t\t\r\n\t<\/div>\r\n\r\n\t\r\n<\/div><\/div>\n\n<div class=\"wp-block-group alignfull\"><div class=\"wp-block-group__inner-container is-layout-flow wp-block-group-is-layout-flow\">\n<div class=\"wp-block-media-text has-media-on-the-right is-stacked-on-mobile is-image-fill\"><div class=\"wp-block-media-text__content\">\n<h2 class=\"wp-block-heading\">Inscrivez-vous \u00e0 l\u2019infolettre Visez la moiti\u00e9 pour votre sant\u00e9<\/h2>\n\n\n\n<p>Recevez les derni\u00e8res recettes, des id\u00e9es fra\u00eeches et des conseils d\u2019\u00e9picerie directement dans votre bo\u00eete de r\u00e9ception!<\/p>\n\n\n\n<div class=\"wp-block-buttons is-layout-flex wp-block-buttons-is-layout-flex\">\n<div class=\"wp-block-button\"><a class=\"wp-block-button__link has-yellow-background-color has-background wp-element-button\" href=\"https:\/\/www.halfyourplate.ca\/fruits-and-veggies\/resources\/#gform_wrapper_2\" target=\"_blank\" rel=\"noreferrer noopener nofollow\">S\u2019inscrire<\/a><\/div>\n<\/div>\n<\/div><figure class=\"wp-block-media-text__media\" style=\"background-image:url(https:\/\/freggietales.ca\/wp-content\/uploads\/2023\/07\/CPMA-130419-128-2-lr-1b.jpg);background-position:50% 50%\"><img loading=\"lazy\" decoding=\"async\" width=\"1000\" height=\"667\" src=\"https:\/\/freggietales.ca\/wp-content\/uploads\/2023\/07\/CPMA-130419-128-2-lr-1b.jpg\" alt=\"\" class=\"wp-image-35256 size-full\" srcset=\"https:\/\/freggietales.ca\/wp-content\/uploads\/2023\/07\/CPMA-130419-128-2-lr-1b.jpg 1000w, https:\/\/freggietales.ca\/wp-content\/uploads\/2023\/07\/CPMA-130419-128-2-lr-1b-300x200.jpg 300w\" sizes=\"auto, (max-width: 1000px) 100vw, 1000px\" \/><\/figure><\/div>\n<\/div><\/div>\n\n<div class=\"wp-block-group alignfull\"><div class=\"wp-block-group__inner-container is-layout-flow wp-block-group-is-layout-flow\">\n\n\n<h2 class=\"wp-block-heading has-text-align-center\">Blogues et recettes<\/h2>\n\n\n\r\n\r\n\t<div id=\"post-grid-block_510dfba3bed1a04b6808bbb41e053636\" class=\"card-grid card-grid--post card-grid--featured\">\r\n\r\n\t\t\r\n\t\t\t<a class=\"card card--post card--featured\" href=\"https:\/\/freggietales.ca\/blog\/what-to-do-with-all-those-summer-berries\/\"><div class=\"card-image-wrap\"><div class=\"card-image\"><img loading=\"lazy\" decoding=\"async\" width=\"800\" height=\"533\" src=\"https:\/\/freggietales.ca\/wp-content\/uploads\/2022\/07\/AppleBlueberryCompote.jpg\" class=\"attachment-large size-large\" alt=\"\" srcset=\"https:\/\/freggietales.ca\/wp-content\/uploads\/2022\/07\/AppleBlueberryCompote.jpg 800w, https:\/\/freggietales.ca\/wp-content\/uploads\/2022\/07\/AppleBlueberryCompote-300x200.jpg 300w\" sizes=\"auto, (max-width: 800px) 100vw, 800px\" \/><\/div><\/div><div class=\"card-content\"><div class=\"title\">What to do with all those summer berries!<\/div><div class=\"excerpt\">Summer berries are plentiful and delicious, but what happens when you pick too many and can\u2019t eat them all? Today&#8230;<\/div><\/div><\/a>\r\n\t\t\r\n\t\t\t<a class=\"card card--post\" href=\"https:\/\/freggietales.ca\/blog\/tips-for-ripening-fruits\/\"><div class=\"card-image-wrap\"><div class=\"card-image\"><img loading=\"lazy\" decoding=\"async\" width=\"800\" height=\"800\" src=\"https:\/\/freggietales.ca\/wp-content\/uploads\/2015\/07\/Ripen-and-sweeten.jpg\" class=\"attachment-large size-large\" alt=\"\" srcset=\"https:\/\/freggietales.ca\/wp-content\/uploads\/2015\/07\/Ripen-and-sweeten.jpg 800w, https:\/\/freggietales.ca\/wp-content\/uploads\/2015\/07\/Ripen-and-sweeten-300x300.jpg 300w, https:\/\/freggietales.ca\/wp-content\/uploads\/2015\/07\/Ripen-and-sweeten-150x150.jpg 150w\" sizes=\"auto, (max-width: 800px) 100vw, 800px\" \/><\/div><\/div><div class=\"card-content\"><div class=\"title\">Tips for ripening fruits<\/div><\/div><\/a>\r\n\t\t\r\n\t\t\t<a class=\"card card--post\" href=\"https:\/\/freggietales.ca\/blog\/making-the-most-out-of-summer-produce\/\"><div class=\"card-image-wrap\"><div class=\"card-image\"><img loading=\"lazy\" decoding=\"async\" width=\"500\" height=\"374\" src=\"https:\/\/freggietales.ca\/wp-content\/uploads\/2022\/07\/Watermelon-Gazpacho.jpg\" class=\"attachment-large size-large\" alt=\"Watermelon Gazpacho\" srcset=\"https:\/\/freggietales.ca\/wp-content\/uploads\/2022\/07\/Watermelon-Gazpacho.jpg 500w, https:\/\/freggietales.ca\/wp-content\/uploads\/2022\/07\/Watermelon-Gazpacho-300x224.jpg 300w\" sizes=\"auto, (max-width: 500px) 100vw, 500px\" \/><\/div><\/div><div class=\"card-content\"><div class=\"title\">Making the most out of summer produce!<\/div><\/div><\/a>\r\n\t\t\r\n\t<\/div>\r\n\r\n\t\r\n\n\n\n<div class=\"wp-block-buttons is-content-justification-center is-layout-flex wp-container-core-buttons-is-layout-16018d1d wp-block-buttons-is-layout-flex\">\n<div class=\"wp-block-button\"><a class=\"wp-block-button__link has-yellow-background-color has-background wp-element-button\" href=\"https:\/\/freggietales.ca\/fr\/blogue\/\">Plus de recettes<\/a><\/div>\n<\/div>\n<\/div><\/div>\n","protected":false},"excerpt":{"rendered":"<p>Ressources Inscrivez-vous \u00e0 l\u2019infolettre Visez la moiti\u00e9 pour votre sant\u00e9 Recevez les derni\u00e8res recettes, des id\u00e9es fra\u00eeches et des conseils&#8230;<\/p>\n","protected":false},"author":1,"featured_media":0,"parent":0,"menu_order":0,"comment_status":"closed","ping_status":"closed","template":"","meta":{"inline_featured_image":false,"footnotes":""},"class_list":["post-35465","page","type-page","status-publish","hentry"],"acf":[],"_links":{"self":[{"href":"https:\/\/freggietales.ca\/fr\/wp-json\/wp\/v2\/pages\/35465","targetHints":{"allow":["GET"]}}],"collection":[{"href":"https:\/\/freggietales.ca\/fr\/wp-json\/wp\/v2\/pages"}],"about":[{"href":"https:\/\/freggietales.ca\/fr\/wp-json\/wp\/v2\/types\/page"}],"author":[{"embeddable":true,"href":"https:\/\/freggietales.ca\/fr\/wp-json\/wp\/v2\/users\/1"}],"replies":[{"embeddable":true,"href":"https:\/\/freggietales.ca\/fr\/wp-json\/wp\/v2\/comments?post=35465"}],"version-history":[{"count":12,"href":"https:\/\/freggietales.ca\/fr\/wp-json\/wp\/v2\/pages\/35465\/revisions"}],"predecessor-version":[{"id":35559,"href":"https:\/\/freggietales.ca\/fr\/wp-json\/wp\/v2\/pages\/35465\/revisions\/35559"}],"wp:attachment":[{"href":"https:\/\/freggietales.ca\/fr\/wp-json\/wp\/v2\/media?parent=35465"}],"curies":[{"name":"wp","href":"https:\/\/api.w.org\/{rel}","templated":true}]}}