{"id":35484,"date":"2023-10-31T09:58:00","date_gmt":"2023-10-31T13:58:00","guid":{"rendered":"https:\/\/freggietales.ca\/a-propos\/"},"modified":"2023-10-31T10:27:43","modified_gmt":"2023-10-31T14:27:43","slug":"a-propos","status":"publish","type":"page","link":"https:\/\/freggietales.ca\/fr\/a-propos\/","title":{"rendered":"\u00c0 propos"},"content":{"rendered":"\n<div class=\"wp-block-group\"><div class=\"wp-block-group__inner-container is-layout-constrained wp-block-group-is-layout-constrained\">\n<div class=\"wp-block-columns is-layout-flex wp-container-core-columns-is-layout-9d6595d7 wp-block-columns-is-layout-flex\">\n<div class=\"wp-block-column is-layout-flow wp-block-column-is-layout-flow\" style=\"flex-basis:45%\">\n<figure class=\"wp-block-image size-full\"><img loading=\"lazy\" decoding=\"async\" width=\"667\" height=\"1000\" src=\"https:\/\/freggietales.ca\/wp-content\/uploads\/2023\/08\/Trade_Show-524-scaled-1.jpg\" alt=\"Freggie souriant et saluant les gens \u00e0 une exposition\" class=\"wp-image-35350\" srcset=\"https:\/\/freggietales.ca\/wp-content\/uploads\/2023\/08\/Trade_Show-524-scaled-1.jpg 667w, https:\/\/freggietales.ca\/wp-content\/uploads\/2023\/08\/Trade_Show-524-scaled-1-200x300.jpg 200w\" sizes=\"auto, (max-width: 667px) 100vw, 667px\" \/><\/figure>\n<\/div>\n\n\n\n<div class=\"wp-block-column is-layout-flow wp-block-column-is-layout-flow\" style=\"flex-basis:50%\">\n<h2 class=\"wp-block-heading\">Programme pour enfants Freggie<\/h2>\n\n\n\n<p>Le programme pour enfants Freggie est le volet jeunesse du programme Visez la moiti\u00e9 pour votre sant\u00e9 de l\u2019Association canadienne de la distribution de fruits et l\u00e9gumes (ACDFL) qui encourage les enfants \u00e0 manger plus de fruits et de l\u00e9gumes.<\/p>\n\n\n\n<p>Offert en fran\u00e7ais et en anglais, le programme fournit aux parents et aux enseignants des ressources simples et amusantes pour enseigner aux enfants le r\u00f4le important des fruits et des l\u00e9gumes dans l\u2019am\u00e9lioration de leur sant\u00e9 globale.<\/p>\n\n\n\n<p>Elles comprennent notamment des photos, des vid\u00e9os, des pages \u00e0 colorier, des renseignements sur le programme, des infographies et des recettes faciles avec des conseils pour impliquer les enfants. Le programme permet \u00e9galement aux enfants d\u2019interagir avec notre gentille mascotte, Freggie.<\/p>\n<\/div>\n<\/div>\n<\/div><\/div>\n","protected":false},"excerpt":{"rendered":"<p>Programme pour enfants Freggie Le programme pour enfants Freggie est le volet jeunesse du programme Visez la moiti\u00e9 pour votre&#8230;<\/p>\n","protected":false},"author":1,"featured_media":35285,"parent":0,"menu_order":0,"comment_status":"closed","ping_status":"closed","template":"","meta":{"inline_featured_image":false,"footnotes":""},"class_list":["post-35484","page","type-page","status-publish","has-post-thumbnail","hentry"],"acf":[],"_links":{"self":[{"href":"https:\/\/freggietales.ca\/fr\/wp-json\/wp\/v2\/pages\/35484","targetHints":{"allow":["GET"]}}],"collection":[{"href":"https:\/\/freggietales.ca\/fr\/wp-json\/wp\/v2\/pages"}],"about":[{"href":"https:\/\/freggietales.ca\/fr\/wp-json\/wp\/v2\/types\/page"}],"author":[{"embeddable":true,"href":"https:\/\/freggietales.ca\/fr\/wp-json\/wp\/v2\/users\/1"}],"replies":[{"embeddable":true,"href":"https:\/\/freggietales.ca\/fr\/wp-json\/wp\/v2\/comments?post=35484"}],"version-history":[{"count":3,"href":"https:\/\/freggietales.ca\/fr\/wp-json\/wp\/v2\/pages\/35484\/revisions"}],"predecessor-version":[{"id":35526,"href":"https:\/\/freggietales.ca\/fr\/wp-json\/wp\/v2\/pages\/35484\/revisions\/35526"}],"wp:featuredmedia":[{"embeddable":true,"href":"https:\/\/freggietales.ca\/fr\/wp-json\/wp\/v2\/media\/35285"}],"wp:attachment":[{"href":"https:\/\/freggietales.ca\/fr\/wp-json\/wp\/v2\/media?parent=35484"}],"curies":[{"name":"wp","href":"https:\/\/api.w.org\/{rel}","templated":true}]}}